{"id":2,"date":"2023-01-25T12:32:10","date_gmt":"2023-01-25T12:32:10","guid":{"rendered":"http:\/\/chusgarcia.com\/?page_id=2"},"modified":"2026-02-20T18:12:40","modified_gmt":"2026-02-20T18:12:40","slug":"inicio","status":"publish","type":"page","link":"https:\/\/chusgarcia.com\/index.php\/inicio\/","title":{"rendered":"Sobre Chus Garc\u00eda"},"content":{"rendered":"\n<figure class=\"wp-block-image size-large\"><img loading=\"lazy\" decoding=\"async\" width=\"1024\" height=\"1024\" src=\"https:\/\/chusgarcia.com\/wp-content\/uploads\/2026\/02\/1000077463-1-1024x1024.jpeg\" alt=\"\" class=\"wp-image-59\" srcset=\"https:\/\/chusgarcia.com\/wp-content\/uploads\/2026\/02\/1000077463-1-1024x1024.jpeg 1024w, https:\/\/chusgarcia.com\/wp-content\/uploads\/2026\/02\/1000077463-1-300x300.jpeg 300w, https:\/\/chusgarcia.com\/wp-content\/uploads\/2026\/02\/1000077463-1-150x150.jpeg 150w, https:\/\/chusgarcia.com\/wp-content\/uploads\/2026\/02\/1000077463-1-768x768.jpeg 768w, https:\/\/chusgarcia.com\/wp-content\/uploads\/2026\/02\/1000077463-1.jpeg 1079w\" sizes=\"auto, (max-width: 1024px) 100vw, 1024px\" \/><\/figure>\n\n\n\n<blockquote class=\"wp-block-quote is-layout-flow wp-block-quote-is-layout-flow\">\n<p>Chus Garc\u00eda es escritora y mentora emocional.<br>Desde hace casi dos d\u00e9cadas acompa\u00f1a procesos de transformaci\u00f3n interior, autoestima y v\u00ednculos conscientes.<\/p>\n\n\n\n<p>Su enfoque une presencia, dignidad emocional y acci\u00f3n coherente.<\/p>\n\n\n\n<p>Creadora de Faro Interior, ayuda a personas que ya han trabajado en s\u00ed mismas, pero quieren aprender a sostenerse mejor en el amor y en la vida.<\/p>\n<\/blockquote>\n","protected":false},"excerpt":{"rendered":"<p>Chus Garc\u00eda es escritora y mentora emocional.Desde hace casi dos d\u00e9cadas acompa\u00f1a procesos de transformaci\u00f3n interior, autoestima y v\u00ednculos conscientes. Su enfoque une presencia, dignidad emocional y acci\u00f3n coherente. Creadora de Faro Interior, ayuda a personas que ya han trabajado en s\u00ed mismas, pero quieren aprender a sostenerse mejor en el amor y en la [&hellip;]<\/p>\n","protected":false},"author":1,"featured_media":0,"parent":0,"menu_order":0,"comment_status":"closed","ping_status":"closed","template":"","meta":{"footnotes":""},"class_list":["post-2","page","type-page","status-publish","hentry"],"aioseo_notices":[],"_links":{"self":[{"href":"https:\/\/chusgarcia.com\/index.php\/wp-json\/wp\/v2\/pages\/2","targetHints":{"allow":["GET"]}}],"collection":[{"href":"https:\/\/chusgarcia.com\/index.php\/wp-json\/wp\/v2\/pages"}],"about":[{"href":"https:\/\/chusgarcia.com\/index.php\/wp-json\/wp\/v2\/types\/page"}],"author":[{"embeddable":true,"href":"https:\/\/chusgarcia.com\/index.php\/wp-json\/wp\/v2\/users\/1"}],"replies":[{"embeddable":true,"href":"https:\/\/chusgarcia.com\/index.php\/wp-json\/wp\/v2\/comments?post=2"}],"version-history":[{"count":2,"href":"https:\/\/chusgarcia.com\/index.php\/wp-json\/wp\/v2\/pages\/2\/revisions"}],"predecessor-version":[{"id":61,"href":"https:\/\/chusgarcia.com\/index.php\/wp-json\/wp\/v2\/pages\/2\/revisions\/61"}],"wp:attachment":[{"href":"https:\/\/chusgarcia.com\/index.php\/wp-json\/wp\/v2\/media?parent=2"}],"curies":[{"name":"wp","href":"https:\/\/api.w.org\/{rel}","templated":true}]}}